{"id":40,"date":"2024-10-22T20:18:22","date_gmt":"2024-10-22T17:18:22","guid":{"rendered":"https:\/\/www.hapioky.fi\/?page_id=40"},"modified":"2025-03-30T17:38:42","modified_gmt":"2025-03-30T14:38:42","slug":"talkkaritoiminta","status":"publish","type":"page","link":"http:\/\/www.hapioky.fi\/index.php\/talkkaritoiminta\/","title":{"rendered":"Talkkaritoiminta"},"content":{"rendered":"\n<div class=\"wp-block-group alignfull has-accent-5-background-color has-background has-global-padding is-layout-constrained wp-container-core-group-is-layout-1 wp-block-group-is-layout-constrained\" style=\"margin-top:0;margin-bottom:0;padding-top:var(--wp--preset--spacing--50);padding-right:var(--wp--preset--spacing--50);padding-bottom:var(--wp--preset--spacing--50);padding-left:var(--wp--preset--spacing--50)\">\n<div class=\"wp-block-columns alignwide is-layout-flex wp-container-core-columns-is-layout-1 wp-block-columns-is-layout-flex\">\n<div class=\"wp-block-column is-vertically-aligned-center is-layout-flow wp-block-column-is-layout-flow\" style=\"flex-basis:60%\">\n<figure class=\"wp-block-image size-full is-resized is-style-rounded wp-duotone-duotone-1 is-style-rounded--1\"><img decoding=\"async\" src=\"https:\/\/www.hapioky.fi\/wp-content\/themes\/twentytwentyfour\/assets\/images\/abstract-geometric-art.webp\" alt=\"White abstract geometric artwork from Dresden, Germany\" style=\"aspect-ratio:1.3333333333333333;object-fit:cover;width:703px;height:auto\"\/><\/figure>\n<\/div>\n\n\n\n<div class=\"wp-block-column is-layout-flow wp-block-column-is-layout-flow\" style=\"flex-basis:40%\">\n<h2 class=\"wp-block-heading\">Omakotitalkkaritoimintaa tarjoavat seuraavat yhdistykset:<\/h2>\n\n\n\n<p>H\u00e4meen ja Pirkanmaan Omakoti- ja M\u00f6kkil\u00e4isyhdistys ry<\/p>\n\n\n\n<p>Orimattilan Omakotiyhdistys ry (H\u00e4pin talkkari)<\/p>\n\n\n\n<p>Tarjoavat j\u00e4senilleen omakotitalkkaripalvelua, Orimattilan, Lahden,<\/p>\n\n\n\n<p>Nastolan, Hollolan, Asikkalan, sek\u00e4 l\u00e4hialueet.<\/p>\n\n\n\n<p>Palvelun tarkoituksena on mahdollistaa i\u00e4kk\u00e4\u00e4mpien j\u00e4senten<\/p>\n\n\n\n<p>tai muuten apua tarvitsevien kotona asumisen auttaminen.<\/p>\n\n\n\n<p>Palveluihin kuuluu, lumenluonti, hiekotus, polttopuiden teko ja sis\u00e4lle kantaminen.<\/p>\n\n\n\n<p>Nurmikonleikkuu, haravointi puiden- tai pensaiden leikkaus, pienimuotoinen kotisiivous, asiointi,&nbsp;sek\u00e4 moni muu asia, jossa tarvitaan apua.<\/p>\n\n\n\n<p>Omakotitalkkarit palvelee my\u00f6s kes\u00e4 asukkaita.<\/p>\n\n\n\n<p>Omakotitalkkareiden yksi t\u00e4rkeimmist\u00e4 hy\u00f6dyist\u00e4 on kuitenkin heid\u00e4n tuoma seura.<\/p>\n\n\n\n<p>Palvelun hinta on 25,00 \u20ac\/tunti + talkkarin km korvaus 0,59 \u20ac\/ km.<\/p>\n\n\n\n<p>Omakotitalkkaripalvelu on kotitalousv\u00e4hennyskelpoinen verotuksessa.<\/p>\n\n\n\n<p>Talkkarien palvelupaikat ja tiedot n\u00e4et listasta netiss\u00e4.<\/p>\n\n\n\n<p>Tilaa Omakotitalkkari suoraan talkkarien numeroista.<\/p>\n\n\n\n<p><\/p>\n\n\n\n<p>Linkist\u00e4 n\u00e4et oman alueesi talkkarit:<\/p>\n\n\n\n<div class=\"wp-block-buttons is-layout-flex wp-block-buttons-is-layout-flex\">\n<div class=\"wp-block-button\"><a class=\"wp-block-button__link wp-element-button\" href=\"https:\/\/www.hapioky.fi\/index.php\/omakotitalkkarit\/\">Omakotitalkkarit<\/a><\/div>\n<\/div>\n<\/div>\n<\/div>\n<\/div>\n\n\n\n<p><\/p>\n","protected":false},"excerpt":{"rendered":"<p>Omakotitalkkaritoimintaa tarjoavat seuraavat yhdistykset: H\u00e4meen ja Pirkanmaan Omakoti- ja M\u00f6kkil\u00e4isyhdistys ry Orimattilan Omakotiyhdistys ry (H\u00e4pin talkkari) Tarjoavat j\u00e4senilleen omakotitalkkaripalvelua, Orimattilan, Lahden, Nastolan, Hollolan, Asikkalan, sek\u00e4 l\u00e4hialueet. Palvelun tarkoituksena on mahdollistaa i\u00e4kk\u00e4\u00e4mpien j\u00e4senten tai muuten apua tarvitsevien kotona asumisen auttaminen. Palveluihin kuuluu, lumenluonti, hiekotus, polttopuiden teko ja sis\u00e4lle kantaminen. Nurmikonleikkuu, haravointi puiden- tai pensaiden leikkaus, pienimuotoinen [&hellip;]<\/p>\n","protected":false},"author":1,"featured_media":0,"parent":0,"menu_order":4,"comment_status":"closed","ping_status":"closed","template":"","meta":{"footnotes":""},"class_list":["post-40","page","type-page","status-publish","hentry"],"_links":{"self":[{"href":"http:\/\/www.hapioky.fi\/index.php\/wp-json\/wp\/v2\/pages\/40","targetHints":{"allow":["GET"]}}],"collection":[{"href":"http:\/\/www.hapioky.fi\/index.php\/wp-json\/wp\/v2\/pages"}],"about":[{"href":"http:\/\/www.hapioky.fi\/index.php\/wp-json\/wp\/v2\/types\/page"}],"author":[{"embeddable":true,"href":"http:\/\/www.hapioky.fi\/index.php\/wp-json\/wp\/v2\/users\/1"}],"replies":[{"embeddable":true,"href":"http:\/\/www.hapioky.fi\/index.php\/wp-json\/wp\/v2\/comments?post=40"}],"version-history":[{"count":5,"href":"http:\/\/www.hapioky.fi\/index.php\/wp-json\/wp\/v2\/pages\/40\/revisions"}],"predecessor-version":[{"id":55,"href":"http:\/\/www.hapioky.fi\/index.php\/wp-json\/wp\/v2\/pages\/40\/revisions\/55"}],"wp:attachment":[{"href":"http:\/\/www.hapioky.fi\/index.php\/wp-json\/wp\/v2\/media?parent=40"}],"curies":[{"name":"wp","href":"https:\/\/api.w.org\/{rel}","templated":true}]}}