{"id":11,"date":"2024-10-22T19:44:40","date_gmt":"2024-10-22T16:44:40","guid":{"rendered":"https:\/\/www.hapioky.fi\/?page_id=11"},"modified":"2024-10-22T20:43:54","modified_gmt":"2024-10-22T17:43:54","slug":"hallitus","status":"publish","type":"page","link":"http:\/\/www.hapioky.fi\/index.php\/hallitus\/","title":{"rendered":"Hallitus"},"content":{"rendered":"\n<div class=\"wp-block-group alignfull has-accent-2-background-color has-background has-global-padding is-layout-constrained wp-container-core-group-is-layout-1 wp-block-group-is-layout-constrained\" style=\"margin-top:0;margin-bottom:0;padding-top:var(--wp--preset--spacing--50);padding-right:var(--wp--preset--spacing--50);padding-bottom:var(--wp--preset--spacing--50);padding-left:var(--wp--preset--spacing--50)\">\n<div class=\"wp-block-columns alignwide is-layout-flex wp-container-core-columns-is-layout-1 wp-block-columns-is-layout-flex\">\n<div class=\"wp-block-column is-layout-flow wp-block-column-is-layout-flow\" style=\"flex-basis:40%\">\n<p class=\"wp-container-content-1\"><\/p>\n<\/div>\n\n\n\n<div class=\"wp-block-column is-layout-flow wp-block-column-is-layout-flow\" style=\"flex-basis:60%\">\n<p class=\"has-heading-font-family has-x-large-font-size\" style=\"line-height:1.2\">H\u00c4PI Hallitus ja yhteystiedot:<\/p>\n<\/div>\n<\/div>\n\n\n\n<p><strong>H\u00e4meen ja Pirkanmaan Omakoti- ja M\u00f6kkil\u00e4isyhdistys ry<\/strong><\/p>\n\n\n\n<p><strong>Puheenjohtaja<\/strong><\/p>\n\n\n\n<p><strong>Pertti Oksanen&nbsp; <\/strong>mp. 044&nbsp;566 4720 pertti.oksanen(at)phnet.fi<\/p>\n\n\n\n<p><strong>Talkkaritoiminta Projektip\u00e4\u00e4llikk\u00f6, Varapuheenjohtaja<\/strong><\/p>\n\n\n\n<p><strong>Seppo Tamminen&nbsp; <\/strong>mp. 044&nbsp;023 6001 seppo.tamminen(at)omakotiliitto.fi<\/p>\n\n\n\n<p><strong>Sihteeri<\/strong><\/p>\n\n\n\n<p><strong>Leea Lehelm\u00e4&nbsp; <\/strong>mp. 0400 716&nbsp;276&nbsp; leea.lehelma(at)phnet.fi<\/p>\n\n\n\n<p><strong>Hallituksen j\u00e4senet:<\/strong><\/p>\n\n\n\n<p><strong>Ky\u00f6sti Oksanen<\/strong><\/p>\n\n\n\n<p><\/p>\n\n\n\n<p>Yhdistyksen toimisto ja posti osoite:<\/p>\n\n\n\n<p>Retuper\u00e4ntie 10 &nbsp;&nbsp;14200 Turenki<\/p>\n\n\n\n<p>Y \u2013tunnus: 2265610 \u2013 7<\/p>\n\n\n\n<p><\/p>\n\n\n\n<figure class=\"wp-block-image alignwide size-large is-style-rounded is-style-rounded--1\"><img decoding=\"async\" src=\"https:\/\/www.hapioky.fi\/wp-content\/themes\/twentytwentyfour\/assets\/images\/hotel-facade.webp\" alt=\"Hyatt Regency San Francisco, San Francisco, Yhdysvallat\"\/><\/figure>\n<\/div>\n\n\n\n<div class=\"wp-block-group alignfull has-base-background-color has-background has-global-padding is-layout-constrained wp-container-core-group-is-layout-2 wp-block-group-is-layout-constrained\" style=\"margin-top:0;margin-bottom:0;padding-top:var(--wp--preset--spacing--50);padding-right:var(--wp--preset--spacing--50);padding-bottom:var(--wp--preset--spacing--50);padding-left:var(--wp--preset--spacing--50)\"><\/div>\n","protected":false},"excerpt":{"rendered":"<p>H\u00c4PI Hallitus ja yhteystiedot: H\u00e4meen ja Pirkanmaan Omakoti- ja M\u00f6kkil\u00e4isyhdistys ry Puheenjohtaja Pertti Oksanen&nbsp; mp. 044&nbsp;566 4720 pertti.oksanen(at)phnet.fi Talkkaritoiminta Projektip\u00e4\u00e4llikk\u00f6, Varapuheenjohtaja Seppo Tamminen&nbsp; mp. 044&nbsp;023 6001 seppo.tamminen(at)omakotiliitto.fi Sihteeri Leea Lehelm\u00e4&nbsp; mp. 0400 716&nbsp;276&nbsp; leea.lehelma(at)phnet.fi Hallituksen j\u00e4senet: Ky\u00f6sti Oksanen Yhdistyksen toimisto ja posti osoite: Retuper\u00e4ntie 10 &nbsp;&nbsp;14200 Turenki Y \u2013tunnus: 2265610 \u2013 7<\/p>\n","protected":false},"author":1,"featured_media":0,"parent":0,"menu_order":2,"comment_status":"closed","ping_status":"closed","template":"","meta":{"footnotes":""},"class_list":["post-11","page","type-page","status-publish","hentry"],"_links":{"self":[{"href":"http:\/\/www.hapioky.fi\/index.php\/wp-json\/wp\/v2\/pages\/11","targetHints":{"allow":["GET"]}}],"collection":[{"href":"http:\/\/www.hapioky.fi\/index.php\/wp-json\/wp\/v2\/pages"}],"about":[{"href":"http:\/\/www.hapioky.fi\/index.php\/wp-json\/wp\/v2\/types\/page"}],"author":[{"embeddable":true,"href":"http:\/\/www.hapioky.fi\/index.php\/wp-json\/wp\/v2\/users\/1"}],"replies":[{"embeddable":true,"href":"http:\/\/www.hapioky.fi\/index.php\/wp-json\/wp\/v2\/comments?post=11"}],"version-history":[{"count":5,"href":"http:\/\/www.hapioky.fi\/index.php\/wp-json\/wp\/v2\/pages\/11\/revisions"}],"predecessor-version":[{"id":50,"href":"http:\/\/www.hapioky.fi\/index.php\/wp-json\/wp\/v2\/pages\/11\/revisions\/50"}],"wp:attachment":[{"href":"http:\/\/www.hapioky.fi\/index.php\/wp-json\/wp\/v2\/media?parent=11"}],"curies":[{"name":"wp","href":"https:\/\/api.w.org\/{rel}","templated":true}]}}